{"id":125,"date":"2025-03-13T20:45:44","date_gmt":"2025-03-13T19:45:44","guid":{"rendered":"http:\/\/lecumedelune.com\/?page_id=125"},"modified":"2025-05-30T10:18:29","modified_gmt":"2025-05-30T08:18:29","slug":"actualites","status":"publish","type":"page","link":"https:\/\/lecumedelune.com\/index.php\/actualites\/","title":{"rendered":"Actualit\u00e9s"},"content":{"rendered":"\t\t<div data-elementor-type=\"wp-page\" data-elementor-id=\"125\" class=\"elementor elementor-125\" data-elementor-post-type=\"page\">\n\t\t\t\t<div class=\"elementor-element elementor-element-113091a e-con-full e-flex e-con e-parent\" data-id=\"113091a\" data-element_type=\"container\" data-settings=\"{&quot;background_background&quot;:&quot;classic&quot;}\">\n\t\t<div class=\"elementor-element elementor-element-ebc11e4 e-con-full e-flex e-con e-child\" data-id=\"ebc11e4\" data-element_type=\"container\">\n\t\t\t\t<div class=\"elementor-element elementor-element-6f0786a elementor-grid-2 elementor-grid-tablet-1 elementor-grid-mobile-1 elementor-posts--thumbnail-top elementor-widget elementor-widget-posts\" data-id=\"6f0786a\" data-element_type=\"widget\" data-settings=\"{&quot;classic_columns&quot;:&quot;2&quot;,&quot;classic_row_gap&quot;:{&quot;unit&quot;:&quot;px&quot;,&quot;size&quot;:32,&quot;sizes&quot;:[]},&quot;classic_columns_tablet&quot;:&quot;1&quot;,&quot;classic_row_gap_tablet&quot;:{&quot;unit&quot;:&quot;px&quot;,&quot;size&quot;:0,&quot;sizes&quot;:[]},&quot;classic_row_gap_mobile&quot;:{&quot;unit&quot;:&quot;px&quot;,&quot;size&quot;:43,&quot;sizes&quot;:[]},&quot;classic_columns_mobile&quot;:&quot;1&quot;}\" data-widget_type=\"posts.classic\">\n\t\t\t\t<div class=\"elementor-widget-container\">\n\t\t\t\t\t\t\t<div class=\"elementor-posts-container elementor-posts elementor-posts--skin-classic elementor-grid\">\n\t\t\t\t<article class=\"elementor-post elementor-grid-item post-2139 post type-post status-publish format-standard has-post-thumbnail hentry category-non-classe\">\n\t\t\t\t<a class=\"elementor-post__thumbnail__link\" href=\"https:\/\/lecumedelune.com\/index.php\/2026\/04\/08\/quand-il-pleut\/\" tabindex=\"-1\" target=&quot;_blank&quot;>\n\t\t\t<div class=\"elementor-post__thumbnail\"><img fetchpriority=\"high\" decoding=\"async\" width=\"2048\" height=\"1536\" src=\"https:\/\/lecumedelune.com\/wp-content\/uploads\/2026\/04\/Unknown-6.jpg\" class=\"attachment-2048x2048 size-2048x2048 wp-image-2140\" alt=\"\" srcset=\"https:\/\/lecumedelune.com\/wp-content\/uploads\/2026\/04\/Unknown-6.jpg 2048w, https:\/\/lecumedelune.com\/wp-content\/uploads\/2026\/04\/Unknown-6-300x225.jpg 300w, https:\/\/lecumedelune.com\/wp-content\/uploads\/2026\/04\/Unknown-6-1024x768.jpg 1024w, https:\/\/lecumedelune.com\/wp-content\/uploads\/2026\/04\/Unknown-6-768x576.jpg 768w, https:\/\/lecumedelune.com\/wp-content\/uploads\/2026\/04\/Unknown-6-1536x1152.jpg 1536w\" sizes=\"(max-width: 2048px) 100vw, 2048px\" \/><\/div>\n\t\t<\/a>\n\t\t\t\t<div class=\"elementor-post__text\">\n\t\t\t\t<h3 class=\"elementor-post__title\">\n\t\t\t<a href=\"https:\/\/lecumedelune.com\/index.php\/2026\/04\/08\/quand-il-pleut\/\" target=&quot;_blank&quot;>\n\t\t\t\tQuand il pleut\t\t\t<\/a>\n\t\t<\/h3>\n\t\t\t\t<div class=\"elementor-post__meta-data\">\n\t\t\t\t\t<span class=\"elementor-post-date\">\n\t\t\t8 avril 2026\t\t<\/span>\n\t\t\t\t<\/div>\n\t\t\t\t<div class=\"elementor-post__excerpt\">\n\t\t\t<p>Quand il pleut Les pluies de ces derniers jours (ou mois) \u00a0m\u2019ont laiss\u00e9 quelques instants pour \u00e9voquer cette eau tomb\u00e9e du ciel sisouvent b\u00e9n\u00e9fique et<\/p>\n\t\t<\/div>\n\t\t\n\t\t<a class=\"elementor-post__read-more\" href=\"https:\/\/lecumedelune.com\/index.php\/2026\/04\/08\/quand-il-pleut\/\" aria-label=\"En savoir plus sur Quand il pleut\" tabindex=\"-1\" target=\"_blank\">\n\t\t\tLire la suite \u00bb\t\t<\/a>\n\n\t\t\t\t<\/div>\n\t\t\t\t<\/article>\n\t\t\t\t<article class=\"elementor-post elementor-grid-item post-2125 post type-post status-publish format-standard has-post-thumbnail hentry category-vin\">\n\t\t\t\t<a class=\"elementor-post__thumbnail__link\" href=\"https:\/\/lecumedelune.com\/index.php\/2026\/02\/14\/le-pre-taillage\/\" tabindex=\"-1\" target=&quot;_blank&quot;>\n\t\t\t<div class=\"elementor-post__thumbnail\"><img decoding=\"async\" width=\"2048\" height=\"1536\" src=\"https:\/\/lecumedelune.com\/wp-content\/uploads\/2026\/02\/Unknown-5.jpg\" class=\"attachment-2048x2048 size-2048x2048 wp-image-2130\" alt=\"\" srcset=\"https:\/\/lecumedelune.com\/wp-content\/uploads\/2026\/02\/Unknown-5.jpg 2048w, https:\/\/lecumedelune.com\/wp-content\/uploads\/2026\/02\/Unknown-5-300x225.jpg 300w, https:\/\/lecumedelune.com\/wp-content\/uploads\/2026\/02\/Unknown-5-1024x768.jpg 1024w, https:\/\/lecumedelune.com\/wp-content\/uploads\/2026\/02\/Unknown-5-768x576.jpg 768w, https:\/\/lecumedelune.com\/wp-content\/uploads\/2026\/02\/Unknown-5-1536x1152.jpg 1536w\" sizes=\"(max-width: 2048px) 100vw, 2048px\" \/><\/div>\n\t\t<\/a>\n\t\t\t\t<div class=\"elementor-post__text\">\n\t\t\t\t<h3 class=\"elementor-post__title\">\n\t\t\t<a href=\"https:\/\/lecumedelune.com\/index.php\/2026\/02\/14\/le-pre-taillage\/\" target=&quot;_blank&quot;>\n\t\t\t\tLe pr\u00e9 taillage\t\t\t<\/a>\n\t\t<\/h3>\n\t\t\t\t<div class=\"elementor-post__meta-data\">\n\t\t\t\t\t<span class=\"elementor-post-date\">\n\t\t\t14 f\u00e9vrier 2026\t\t<\/span>\n\t\t\t\t<\/div>\n\t\t\t\t<div class=\"elementor-post__excerpt\">\n\t\t\t<p>Le pr\u00e9 taillage Avec un temps de retard permettez-moi de revenir sur la derni\u00e8re activit\u00e9 de l\u2019ann\u00e9e 2025.Alors que le Cugelais a \u00e9t\u00e9 mis \u00e0<\/p>\n\t\t<\/div>\n\t\t\n\t\t<a class=\"elementor-post__read-more\" href=\"https:\/\/lecumedelune.com\/index.php\/2026\/02\/14\/le-pre-taillage\/\" aria-label=\"En savoir plus sur Le pr\u00e9 taillage\" tabindex=\"-1\" target=\"_blank\">\n\t\t\tLire la suite \u00bb\t\t<\/a>\n\n\t\t\t\t<\/div>\n\t\t\t\t<\/article>\n\t\t\t\t<article class=\"elementor-post elementor-grid-item post-2114 post type-post status-publish format-standard has-post-thumbnail hentry category-non-classe\">\n\t\t\t\t<a class=\"elementor-post__thumbnail__link\" href=\"https:\/\/lecumedelune.com\/index.php\/2025\/11\/28\/xavier-aleksic-le-peintre-poete\/\" tabindex=\"-1\" target=&quot;_blank&quot;>\n\t\t\t<div class=\"elementor-post__thumbnail\"><img decoding=\"async\" width=\"2048\" height=\"1536\" src=\"https:\/\/lecumedelune.com\/wp-content\/uploads\/2025\/11\/Unknown-4-1.jpg\" class=\"attachment-2048x2048 size-2048x2048 wp-image-2120\" alt=\"\" srcset=\"https:\/\/lecumedelune.com\/wp-content\/uploads\/2025\/11\/Unknown-4-1.jpg 2048w, https:\/\/lecumedelune.com\/wp-content\/uploads\/2025\/11\/Unknown-4-1-300x225.jpg 300w, https:\/\/lecumedelune.com\/wp-content\/uploads\/2025\/11\/Unknown-4-1-1024x768.jpg 1024w, https:\/\/lecumedelune.com\/wp-content\/uploads\/2025\/11\/Unknown-4-1-768x576.jpg 768w, https:\/\/lecumedelune.com\/wp-content\/uploads\/2025\/11\/Unknown-4-1-1536x1152.jpg 1536w\" sizes=\"(max-width: 2048px) 100vw, 2048px\" \/><\/div>\n\t\t<\/a>\n\t\t\t\t<div class=\"elementor-post__text\">\n\t\t\t\t<h3 class=\"elementor-post__title\">\n\t\t\t<a href=\"https:\/\/lecumedelune.com\/index.php\/2025\/11\/28\/xavier-aleksic-le-peintre-poete\/\" target=&quot;_blank&quot;>\n\t\t\t\tXavier Aleksic, le peintre po\u00e8te\t\t\t<\/a>\n\t\t<\/h3>\n\t\t\t\t<div class=\"elementor-post__meta-data\">\n\t\t\t\t\t<span class=\"elementor-post-date\">\n\t\t\t28 novembre 2025\t\t<\/span>\n\t\t\t\t<\/div>\n\t\t\t\t<div class=\"elementor-post__excerpt\">\n\t\t\t<p>Xavier Aleksic, le peintre po\u00e8te Durant tout le mois de d\u00e9cembre vous pouvez admirer au caveau pendant les heures d\u2019ouverture 7 toilesde notre ancien concitoyen,<\/p>\n\t\t<\/div>\n\t\t\n\t\t<a class=\"elementor-post__read-more\" href=\"https:\/\/lecumedelune.com\/index.php\/2025\/11\/28\/xavier-aleksic-le-peintre-poete\/\" aria-label=\"En savoir plus sur Xavier Aleksic, le peintre po\u00e8te\" tabindex=\"-1\" target=\"_blank\">\n\t\t\tLire la suite \u00bb\t\t<\/a>\n\n\t\t\t\t<\/div>\n\t\t\t\t<\/article>\n\t\t\t\t<article class=\"elementor-post elementor-grid-item post-2099 post type-post status-publish format-standard has-post-thumbnail hentry category-vin\">\n\t\t\t\t<a class=\"elementor-post__thumbnail__link\" href=\"https:\/\/lecumedelune.com\/index.php\/2025\/09\/25\/ciel-bleu-pour-les-vendanges-2025\/\" tabindex=\"-1\" target=&quot;_blank&quot;>\n\t\t\t<div class=\"elementor-post__thumbnail\"><img loading=\"lazy\" decoding=\"async\" width=\"753\" height=\"445\" src=\"https:\/\/lecumedelune.com\/wp-content\/uploads\/2025\/09\/Unknown-2-2.jpg\" class=\"attachment-2048x2048 size-2048x2048 wp-image-2110\" alt=\"\" srcset=\"https:\/\/lecumedelune.com\/wp-content\/uploads\/2025\/09\/Unknown-2-2.jpg 753w, https:\/\/lecumedelune.com\/wp-content\/uploads\/2025\/09\/Unknown-2-2-300x177.jpg 300w\" sizes=\"(max-width: 753px) 100vw, 753px\" \/><\/div>\n\t\t<\/a>\n\t\t\t\t<div class=\"elementor-post__text\">\n\t\t\t\t<h3 class=\"elementor-post__title\">\n\t\t\t<a href=\"https:\/\/lecumedelune.com\/index.php\/2025\/09\/25\/ciel-bleu-pour-les-vendanges-2025\/\" target=&quot;_blank&quot;>\n\t\t\t\tCiel bleu pour les vendanges 2025\t\t\t<\/a>\n\t\t<\/h3>\n\t\t\t\t<div class=\"elementor-post__meta-data\">\n\t\t\t\t\t<span class=\"elementor-post-date\">\n\t\t\t25 septembre 2025\t\t<\/span>\n\t\t\t\t<\/div>\n\t\t\t\t<div class=\"elementor-post__excerpt\">\n\t\t\t<p>Ciel bleu pour les vendanges 2025 Vous avez dit r\u00e9chauffement climatique ? J&rsquo;avais coutume de dire : \u00ab les vendanges se d\u00e9butent en tee-shirt et<\/p>\n\t\t<\/div>\n\t\t\n\t\t<a class=\"elementor-post__read-more\" href=\"https:\/\/lecumedelune.com\/index.php\/2025\/09\/25\/ciel-bleu-pour-les-vendanges-2025\/\" aria-label=\"En savoir plus sur Ciel bleu pour les vendanges 2025\" tabindex=\"-1\" target=\"_blank\">\n\t\t\tLire la suite \u00bb\t\t<\/a>\n\n\t\t\t\t<\/div>\n\t\t\t\t<\/article>\n\t\t\t\t<article class=\"elementor-post elementor-grid-item post-2075 post type-post status-publish format-standard has-post-thumbnail hentry category-vin\">\n\t\t\t\t<a class=\"elementor-post__thumbnail__link\" href=\"https:\/\/lecumedelune.com\/index.php\/2025\/07\/04\/cadi-et-bounaou\/\" tabindex=\"-1\" target=&quot;_blank&quot;>\n\t\t\t<div class=\"elementor-post__thumbnail\"><img loading=\"lazy\" decoding=\"async\" width=\"2048\" height=\"1536\" src=\"https:\/\/lecumedelune.com\/wp-content\/uploads\/2025\/06\/Unknown.jpg\" class=\"attachment-2048x2048 size-2048x2048 wp-image-2056\" alt=\"\" srcset=\"https:\/\/lecumedelune.com\/wp-content\/uploads\/2025\/06\/Unknown.jpg 2048w, https:\/\/lecumedelune.com\/wp-content\/uploads\/2025\/06\/Unknown-300x225.jpg 300w, https:\/\/lecumedelune.com\/wp-content\/uploads\/2025\/06\/Unknown-1024x768.jpg 1024w, https:\/\/lecumedelune.com\/wp-content\/uploads\/2025\/06\/Unknown-768x576.jpg 768w, https:\/\/lecumedelune.com\/wp-content\/uploads\/2025\/06\/Unknown-1536x1152.jpg 1536w\" sizes=\"(max-width: 2048px) 100vw, 2048px\" \/><\/div>\n\t\t<\/a>\n\t\t\t\t<div class=\"elementor-post__text\">\n\t\t\t\t<h3 class=\"elementor-post__title\">\n\t\t\t<a href=\"https:\/\/lecumedelune.com\/index.php\/2025\/07\/04\/cadi-et-bounaou\/\" target=&quot;_blank&quot;>\n\t\t\t\tCadi et Bounaou\t\t\t<\/a>\n\t\t<\/h3>\n\t\t\t\t<div class=\"elementor-post__meta-data\">\n\t\t\t\t\t<span class=\"elementor-post-date\">\n\t\t\t4 juillet 2025\t\t<\/span>\n\t\t\t\t<\/div>\n\t\t\t\t<div class=\"elementor-post__excerpt\">\n\t\t\t<p>Cadi et Bounaou A chaque d\u00e9but de saison alors que \u00a0j\u2019attelle mon pulv\u00e9risateur pour m\u2019en aller traiter au cuivre mesvignes contre le mildiou je ne<\/p>\n\t\t<\/div>\n\t\t\n\t\t<a class=\"elementor-post__read-more\" href=\"https:\/\/lecumedelune.com\/index.php\/2025\/07\/04\/cadi-et-bounaou\/\" aria-label=\"En savoir plus sur Cadi et Bounaou\" tabindex=\"-1\" target=\"_blank\">\n\t\t\tLire la suite \u00bb\t\t<\/a>\n\n\t\t\t\t<\/div>\n\t\t\t\t<\/article>\n\t\t\t\t<article class=\"elementor-post elementor-grid-item post-2050 post type-post status-publish format-standard has-post-thumbnail hentry category-non-classe\">\n\t\t\t\t<a class=\"elementor-post__thumbnail__link\" href=\"https:\/\/lecumedelune.com\/index.php\/2025\/05\/30\/raisin-de-table-raisin-de-cuve\/\" tabindex=\"-1\" target=&quot;_blank&quot;>\n\t\t\t<div class=\"elementor-post__thumbnail\"><img loading=\"lazy\" decoding=\"async\" width=\"1000\" height=\"667\" src=\"https:\/\/lecumedelune.com\/wp-content\/uploads\/2025\/04\/Ecume-de-lune-St_Baume-PNR-\u00a9-Flaccomio-WeGo-252.jpg\" class=\"attachment-2048x2048 size-2048x2048 wp-image-687\" alt=\"\" srcset=\"https:\/\/lecumedelune.com\/wp-content\/uploads\/2025\/04\/Ecume-de-lune-St_Baume-PNR-\u00a9-Flaccomio-WeGo-252.jpg 1000w, https:\/\/lecumedelune.com\/wp-content\/uploads\/2025\/04\/Ecume-de-lune-St_Baume-PNR-\u00a9-Flaccomio-WeGo-252-300x200.jpg 300w, https:\/\/lecumedelune.com\/wp-content\/uploads\/2025\/04\/Ecume-de-lune-St_Baume-PNR-\u00a9-Flaccomio-WeGo-252-768x512.jpg 768w\" sizes=\"(max-width: 1000px) 100vw, 1000px\" \/><\/div>\n\t\t<\/a>\n\t\t\t\t<div class=\"elementor-post__text\">\n\t\t\t\t<h3 class=\"elementor-post__title\">\n\t\t\t<a href=\"https:\/\/lecumedelune.com\/index.php\/2025\/05\/30\/raisin-de-table-raisin-de-cuve\/\" target=&quot;_blank&quot;>\n\t\t\t\tRaisin de table, raisin de cuve\u2026\t\t\t<\/a>\n\t\t<\/h3>\n\t\t\t\t<div class=\"elementor-post__meta-data\">\n\t\t\t\t\t<span class=\"elementor-post-date\">\n\t\t\t30 mai 2025\t\t<\/span>\n\t\t\t\t<\/div>\n\t\t\t\t<div class=\"elementor-post__excerpt\">\n\t\t\t<p>Raisin de table, raisin de cuve\u2026 Si toutes les vignes se ressemblent les raisins qu\u2019elles produisent ne sont pas tous les m\u00eames. L\u2019on peut eneffet<\/p>\n\t\t<\/div>\n\t\t\n\t\t<a class=\"elementor-post__read-more\" href=\"https:\/\/lecumedelune.com\/index.php\/2025\/05\/30\/raisin-de-table-raisin-de-cuve\/\" aria-label=\"En savoir plus sur Raisin de table, raisin de cuve\u2026\" tabindex=\"-1\" target=\"_blank\">\n\t\t\tLire la suite \u00bb\t\t<\/a>\n\n\t\t\t\t<\/div>\n\t\t\t\t<\/article>\n\t\t\t\t<\/div>\n\t\t\n\t\t\t\t\t\t<\/div>\n\t\t\t\t<\/div>\n\t\t\t\t<\/div>\n\t\t<div class=\"elementor-element elementor-element-b8e65e9 e-con-full e-flex e-con e-child\" data-id=\"b8e65e9\" data-element_type=\"container\">\n\t\t\t\t<div class=\"elementor-element elementor-element-677d6f7 elementor-widget elementor-widget-facebook-embed\" data-id=\"677d6f7\" data-element_type=\"widget\" data-widget_type=\"facebook-embed.default\">\n\t\t\t\t<div class=\"elementor-widget-container\">\n\t\t\t\t\t<div style=\"min-height: 1px\" class=\"elementor-facebook-widget fb-post\" data-href=\"https:\/\/www.facebook.com\/permalink.php?story_fbid=pfbid0xdcSoNXk94XGsZoqsZTW5SaD9cPpyzvmpnpkhSgTWdkc3imwY4KCuV4ETu8gmdsQl&#038;id=100057521625651\" data-show-text=\"true\"><\/div>\t\t\t\t<\/div>\n\t\t\t\t<\/div>\n\t\t\t\t<div class=\"elementor-element elementor-element-094e55b elementor-widget elementor-widget-facebook-embed\" data-id=\"094e55b\" data-element_type=\"widget\" data-widget_type=\"facebook-embed.default\">\n\t\t\t\t<div class=\"elementor-widget-container\">\n\t\t\t\t\t<div style=\"min-height: 1px\" class=\"elementor-facebook-widget fb-post\" data-href=\"https:\/\/www.facebook.com\/permalink.php?story_fbid=pfbid02DkbSqEHoXSYsNuiKNugATHZi7A7cxYSzQ4CHs6Kv184iCTooKE3eoqoVmrQMG7w7l&#038;id=100057521625651\" data-show-text=\"true\"><\/div>\t\t\t\t<\/div>\n\t\t\t\t<\/div>\n\t\t\t\t<div class=\"elementor-element elementor-element-8a5a7d8 elementor-widget elementor-widget-facebook-embed\" data-id=\"8a5a7d8\" data-element_type=\"widget\" data-widget_type=\"facebook-embed.default\">\n\t\t\t\t<div class=\"elementor-widget-container\">\n\t\t\t\t\t<div style=\"min-height: 1px\" class=\"elementor-facebook-widget fb-post\" data-href=\"https:\/\/www.facebook.com\/permalink.php?story_fbid=pfbid0xdcSoNXk94XGsZoqsZTW5SaD9cPpyzvmpnpkhSgTWdkc3imwY4KCuV4ETu8gmdsQl&#038;id=100057521625651\" data-show-text=\"true\"><\/div>\t\t\t\t<\/div>\n\t\t\t\t<\/div>\n\t\t\t\t<div class=\"elementor-element elementor-element-1c780d2 elementor-widget elementor-widget-facebook-embed\" data-id=\"1c780d2\" data-element_type=\"widget\" data-widget_type=\"facebook-embed.default\">\n\t\t\t\t<div class=\"elementor-widget-container\">\n\t\t\t\t\t<div style=\"min-height: 1px\" class=\"elementor-facebook-widget fb-post\" data-href=\"https:\/\/www.facebook.com\/permalink.php?story_fbid=pfbid02nmzgiydsJxgzc4zsXj6Thp9EpVfeh4xbGowWMeztchG4e23pDHn1T4A2y3XbiqdFl&#038;id=100057521625651\" data-show-text=\"true\"><\/div>\t\t\t\t<\/div>\n\t\t\t\t<\/div>\n\t\t\t\t<\/div>\n\t\t\t\t<\/div>\n\t\t\t\t<\/div>\n\t\t","protected":false},"excerpt":{"rendered":"","protected":false},"author":1,"featured_media":0,"parent":0,"menu_order":0,"comment_status":"closed","ping_status":"closed","template":"elementor_header_footer","meta":{"footnotes":""},"class_list":["post-125","page","type-page","status-publish","hentry"],"yoast_head":"<!-- This site is optimized with the Yoast SEO plugin v24.6 - https:\/\/yoast.com\/wordpress\/plugins\/seo\/ -->\n<title>Actualit\u00e9s - Domaine l&#039;Ecume de Lune<\/title>\n<meta name=\"description\" content=\"Suivez les actualit\u00e9s du Domaine l\u2019\u00c9cume de Lune : r\u00e9coltes, \u00e9v\u00e9nements, et vie au rythme de la nature dans le Parc de la Sainte-Baume.\" \/>\n<meta name=\"robots\" content=\"index, follow, max-snippet:-1, max-image-preview:large, max-video-preview:-1\" \/>\n<link rel=\"canonical\" href=\"https:\/\/lecumedelune.com\/index.php\/actualites\/\" \/>\n<meta property=\"og:locale\" content=\"fr_FR\" \/>\n<meta property=\"og:type\" content=\"article\" \/>\n<meta property=\"og:title\" content=\"Actualit\u00e9s - Domaine l&#039;Ecume de Lune\" \/>\n<meta property=\"og:description\" content=\"Suivez les actualit\u00e9s du Domaine l\u2019\u00c9cume de Lune : r\u00e9coltes, \u00e9v\u00e9nements, et vie au rythme de la nature dans le Parc de la Sainte-Baume.\" \/>\n<meta property=\"og:url\" content=\"https:\/\/lecumedelune.com\/index.php\/actualites\/\" \/>\n<meta property=\"og:site_name\" content=\"Domaine l&#039;Ecume de Lune\" \/>\n<meta property=\"article:modified_time\" content=\"2025-05-30T08:18:29+00:00\" \/>\n<meta name=\"twitter:card\" content=\"summary_large_image\" \/>\n<meta name=\"twitter:label1\" content=\"Dur\u00e9e de lecture estim\u00e9e\" \/>\n\t<meta name=\"twitter:data1\" content=\"2 minutes\" \/>\n<script type=\"application\/ld+json\" class=\"yoast-schema-graph\">{\"@context\":\"https:\/\/schema.org\",\"@graph\":[{\"@type\":\"WebPage\",\"@id\":\"https:\/\/lecumedelune.com\/index.php\/actualites\/\",\"url\":\"https:\/\/lecumedelune.com\/index.php\/actualites\/\",\"name\":\"Actualit\u00e9s - Domaine l&#039;Ecume de Lune\",\"isPartOf\":{\"@id\":\"https:\/\/lecumedelune.com\/#website\"},\"datePublished\":\"2025-03-13T19:45:44+00:00\",\"dateModified\":\"2025-05-30T08:18:29+00:00\",\"description\":\"Suivez les actualit\u00e9s du Domaine l\u2019\u00c9cume de Lune : r\u00e9coltes, \u00e9v\u00e9nements, et vie au rythme de la nature dans le Parc de la Sainte-Baume.\",\"breadcrumb\":{\"@id\":\"https:\/\/lecumedelune.com\/index.php\/actualites\/#breadcrumb\"},\"inLanguage\":\"fr-FR\",\"potentialAction\":[{\"@type\":\"ReadAction\",\"target\":[\"https:\/\/lecumedelune.com\/index.php\/actualites\/\"]}]},{\"@type\":\"BreadcrumbList\",\"@id\":\"https:\/\/lecumedelune.com\/index.php\/actualites\/#breadcrumb\",\"itemListElement\":[{\"@type\":\"ListItem\",\"position\":1,\"name\":\"Accueil\",\"item\":\"https:\/\/lecumedelune.com\/\"},{\"@type\":\"ListItem\",\"position\":2,\"name\":\"Actualit\u00e9s\"}]},{\"@type\":\"WebSite\",\"@id\":\"https:\/\/lecumedelune.com\/#website\",\"url\":\"https:\/\/lecumedelune.com\/\",\"name\":\"Domaine l&#039;Ecume de Lune\",\"description\":\"Un vin issue d&#039;une agriculture sans eau\",\"publisher\":{\"@id\":\"https:\/\/lecumedelune.com\/#organization\"},\"potentialAction\":[{\"@type\":\"SearchAction\",\"target\":{\"@type\":\"EntryPoint\",\"urlTemplate\":\"https:\/\/lecumedelune.com\/?s={search_term_string}\"},\"query-input\":{\"@type\":\"PropertyValueSpecification\",\"valueRequired\":true,\"valueName\":\"search_term_string\"}}],\"inLanguage\":\"fr-FR\"},{\"@type\":\"Organization\",\"@id\":\"https:\/\/lecumedelune.com\/#organization\",\"name\":\"Domaine l&#039;Ecume de Lune\",\"url\":\"https:\/\/lecumedelune.com\/\",\"logo\":{\"@type\":\"ImageObject\",\"inLanguage\":\"fr-FR\",\"@id\":\"https:\/\/lecumedelune.com\/#\/schema\/logo\/image\/\",\"url\":\"https:\/\/lecumedelune.com\/wp-content\/uploads\/2024\/12\/Favicone_Marc_Giordanengo_LEcumeDeLune.png\",\"contentUrl\":\"https:\/\/lecumedelune.com\/wp-content\/uploads\/2024\/12\/Favicone_Marc_Giordanengo_LEcumeDeLune.png\",\"width\":226,\"height\":226,\"caption\":\"Domaine l&#039;Ecume de Lune\"},\"image\":{\"@id\":\"https:\/\/lecumedelune.com\/#\/schema\/logo\/image\/\"}}]}<\/script>\n<!-- \/ Yoast SEO plugin. -->","yoast_head_json":{"title":"Actualit\u00e9s - Domaine l&#039;Ecume de Lune","description":"Suivez les actualit\u00e9s du Domaine l\u2019\u00c9cume de Lune : r\u00e9coltes, \u00e9v\u00e9nements, et vie au rythme de la nature dans le Parc de la Sainte-Baume.","robots":{"index":"index","follow":"follow","max-snippet":"max-snippet:-1","max-image-preview":"max-image-preview:large","max-video-preview":"max-video-preview:-1"},"canonical":"https:\/\/lecumedelune.com\/index.php\/actualites\/","og_locale":"fr_FR","og_type":"article","og_title":"Actualit\u00e9s - Domaine l&#039;Ecume de Lune","og_description":"Suivez les actualit\u00e9s du Domaine l\u2019\u00c9cume de Lune : r\u00e9coltes, \u00e9v\u00e9nements, et vie au rythme de la nature dans le Parc de la Sainte-Baume.","og_url":"https:\/\/lecumedelune.com\/index.php\/actualites\/","og_site_name":"Domaine l&#039;Ecume de Lune","article_modified_time":"2025-05-30T08:18:29+00:00","twitter_card":"summary_large_image","twitter_misc":{"Dur\u00e9e de lecture estim\u00e9e":"2 minutes"},"schema":{"@context":"https:\/\/schema.org","@graph":[{"@type":"WebPage","@id":"https:\/\/lecumedelune.com\/index.php\/actualites\/","url":"https:\/\/lecumedelune.com\/index.php\/actualites\/","name":"Actualit\u00e9s - Domaine l&#039;Ecume de Lune","isPartOf":{"@id":"https:\/\/lecumedelune.com\/#website"},"datePublished":"2025-03-13T19:45:44+00:00","dateModified":"2025-05-30T08:18:29+00:00","description":"Suivez les actualit\u00e9s du Domaine l\u2019\u00c9cume de Lune : r\u00e9coltes, \u00e9v\u00e9nements, et vie au rythme de la nature dans le Parc de la Sainte-Baume.","breadcrumb":{"@id":"https:\/\/lecumedelune.com\/index.php\/actualites\/#breadcrumb"},"inLanguage":"fr-FR","potentialAction":[{"@type":"ReadAction","target":["https:\/\/lecumedelune.com\/index.php\/actualites\/"]}]},{"@type":"BreadcrumbList","@id":"https:\/\/lecumedelune.com\/index.php\/actualites\/#breadcrumb","itemListElement":[{"@type":"ListItem","position":1,"name":"Accueil","item":"https:\/\/lecumedelune.com\/"},{"@type":"ListItem","position":2,"name":"Actualit\u00e9s"}]},{"@type":"WebSite","@id":"https:\/\/lecumedelune.com\/#website","url":"https:\/\/lecumedelune.com\/","name":"Domaine l&#039;Ecume de Lune","description":"Un vin issue d&#039;une agriculture sans eau","publisher":{"@id":"https:\/\/lecumedelune.com\/#organization"},"potentialAction":[{"@type":"SearchAction","target":{"@type":"EntryPoint","urlTemplate":"https:\/\/lecumedelune.com\/?s={search_term_string}"},"query-input":{"@type":"PropertyValueSpecification","valueRequired":true,"valueName":"search_term_string"}}],"inLanguage":"fr-FR"},{"@type":"Organization","@id":"https:\/\/lecumedelune.com\/#organization","name":"Domaine l&#039;Ecume de Lune","url":"https:\/\/lecumedelune.com\/","logo":{"@type":"ImageObject","inLanguage":"fr-FR","@id":"https:\/\/lecumedelune.com\/#\/schema\/logo\/image\/","url":"https:\/\/lecumedelune.com\/wp-content\/uploads\/2024\/12\/Favicone_Marc_Giordanengo_LEcumeDeLune.png","contentUrl":"https:\/\/lecumedelune.com\/wp-content\/uploads\/2024\/12\/Favicone_Marc_Giordanengo_LEcumeDeLune.png","width":226,"height":226,"caption":"Domaine l&#039;Ecume de Lune"},"image":{"@id":"https:\/\/lecumedelune.com\/#\/schema\/logo\/image\/"}}]}},"_links":{"self":[{"href":"https:\/\/lecumedelune.com\/index.php\/wp-json\/wp\/v2\/pages\/125","targetHints":{"allow":["GET"]}}],"collection":[{"href":"https:\/\/lecumedelune.com\/index.php\/wp-json\/wp\/v2\/pages"}],"about":[{"href":"https:\/\/lecumedelune.com\/index.php\/wp-json\/wp\/v2\/types\/page"}],"author":[{"embeddable":true,"href":"https:\/\/lecumedelune.com\/index.php\/wp-json\/wp\/v2\/users\/1"}],"replies":[{"embeddable":true,"href":"https:\/\/lecumedelune.com\/index.php\/wp-json\/wp\/v2\/comments?post=125"}],"version-history":[{"count":67,"href":"https:\/\/lecumedelune.com\/index.php\/wp-json\/wp\/v2\/pages\/125\/revisions"}],"predecessor-version":[{"id":2040,"href":"https:\/\/lecumedelune.com\/index.php\/wp-json\/wp\/v2\/pages\/125\/revisions\/2040"}],"wp:attachment":[{"href":"https:\/\/lecumedelune.com\/index.php\/wp-json\/wp\/v2\/media?parent=125"}],"curies":[{"name":"wp","href":"https:\/\/api.w.org\/{rel}","templated":true}]}}